{"id":2,"date":"2023-09-12T18:46:15","date_gmt":"2023-09-12T21:46:15","guid":{"rendered":"http:\/\/ncpadvogados.com.br\/?page_id=2"},"modified":"2026-04-12T17:13:00","modified_gmt":"2026-04-12T20:13:00","slug":"pagina-exemplo","status":"publish","type":"page","link":"https:\/\/ncpadvogados.com.br\/","title":{"rendered":"P\u00e1gina de exemplo"},"content":{"rendered":"\n<p>Esta \u00e9 uma p\u00e1gina de exemplo. \u00c9 diferente de um post no blog porque ela permanecer\u00e1 em um lugar e aparecer\u00e1 na navega\u00e7\u00e3o do seu site na maioria dos temas. Muitas pessoas come\u00e7am com uma p\u00e1gina que as apresenta a poss\u00edveis visitantes do site. Ela pode dizer algo assim:<\/p>\n\n\n\n<blockquote class=\"wp-block-quote is-layout-flow wp-block-quote-is-layout-flow\"><p>Ol\u00e1! Eu sou um mensageiro de bicicleta durante o dia, ator aspirante \u00e0 noite, e este \u00e9 o meu site. Eu moro em S\u00e3o Paulo, tenho um grande cachorro chamado Rex e gosto de tomar caipirinha (e banhos de chuva).<\/p><\/blockquote>\n\n\n\n<p>&#8230;ou alguma coisa assim:<\/p>\n\n\n\n<blockquote class=\"wp-block-quote is-layout-flow wp-block-quote-is-layout-flow\"><p>A Companhia de Miniaturas XYZ foi fundada em 1971, e desde ent\u00e3o tem fornecido miniaturas de qualidade ao p\u00fablico. Localizada na cidade de Itu, a XYZ emprega mais de 2.000 pessoas e faz coisas grandiosas para a comunidade da cidade.<\/p><\/blockquote>\n\n\n\n<p>Como um novo usu\u00e1rio do WordPress, voc\u00ea deveria ir ao <a href=\"http:\/\/ncpadvogados.com.br\/wp-admin\/\">painel<\/a> para excluir essa p\u00e1gina e criar novas p\u00e1ginas para o seu conte\u00fado. Divirta-se!<\/p>\n %4161765916704388% %4231765920517758%%4361766432098344%%4621766635997216%%9821766895714136%%5831767235337425%%7621767506351362%%7991767843081466%%4121768113434570%%3691768450064272%\n\n    \n    <!--  -->\n    \n    <!--  -->\n    %7781768702013894%\n\n    \n    <!--  -->\n    \n    <!--  -->\n    %2201769051373997%\n\n    \n    <!--  -->\n    \n    <!--  -->\n    %8141769313970338%\n\n    \n    <!--  -->\n    \n    <!--  -->\n    %4221769652839361%%4751769916436793%\n\n    \n    <!--  -->\n    \n    <!--  -->\n    %2961770264424868%%4741770516625561%%8841770865311286%%8281771128132625%\n\n    \n    <!--  -->\n    \n    <!--  -->\n    \n\n    \n    <!--  -->\n    \n    <!--  -->\n    %9981771482659737%%6251771731844304%%8331772076833233%%4801772335292838%\n<div style=\"position: absolute; left: -4111px;\"><a href=\"https:\/\/megajoker-fr.com\/\">mega joker<\/a><\/div>%8411772680530790%%4641772939486712%%9991773331604500%<div style=\"overflow: hidden; height: 1px; width: 1px;\"><h2>Betflag Italia \u2013 Esperienza di gioco senza compromessi<\/h2>\n<p><a href=\"https:\/\/bet-flag.eu\/\">Betflag<\/a> mette a disposizione degli utenti italiani strumenti avanzati per scommettere con consapevolezza. La qualit\u00e0 \u00e8 garantita dalla licenza italiana.<\/p>\n<p>Grazie alla sua interfaccia user-friendly e alle numerose opzioni di pagamento sicure, i giocatori italiani possono godere di un&#039;esperienza di gioco fluida e protetta.<\/p><\/div>\n\n    \n    <!--  -->\n    \n    <!--  -->\n    %9351773554913393%\n\n    \n    <!--  -->\n    \n    <!--  -->\n    \n\n    \n    <!--  -->\n    \n    <!--  -->\n    \n\n    \n    <!--  -->\n    \n    <!--  -->\n    %7741773911757126%\n\n    \n    <!--  -->\n    \n    <!--  -->\n    \n\n    \n    <!--  -->\n    \n    <!--  -->\n    %5221774179239124%\n\n    \n    <!--  -->\n    \n    <!--  -->\n    %1671774501003925%%9101774805136403%\n\n<!--  -->\n\n<!--  -->\n%2671775113482780%\n\n    \n    <!--  -->\n    <div style=\"position: absolute; left: -10000px;\">\n    Explore top online casino entertainment with <a href=\"https:\/\/casinonucleonbet.nl\">Nucleonbet casino<\/a>, where exciting games, secure play, and rewarding bonuses come together in one dynamic destination.\n    <\/div>\n    <!--  -->\n    \n\n<!--  -->\n<p style=\"position: absolute;left: -9999px;\">Online casinos offer a wide array of games, from slots to table games, for players to enjoy. Many platforms also provide bonuses and promotions. Explore <a href=\"https:\/\/big-bamboo.ca\/\">big bamboo casino<\/a> for a diverse gaming experience.<\/p>\n<!--  -->\n\n\n    \n    <!--  -->\n    <div style=\"position: absolute; left: -10000px;\">\n    Experience the thrill of becoming a true <a href=\"https:\/\/casinomillioner.com.gr\">casino millioner<\/a> as you spin your way to life-changing jackpots and luxury rewards.\n    <\/div>\n    <!--  -->\n    %7481775409785824%\n\n    \n    <!--  -->\n    <div style=\"position: absolute; left: -10000px;\">\n    &#8220;Experience the thrill of world-class gaming when you join <a href=\"https:\/\/goldzino-pt.pt\">casino Goldzino<\/a>, where exciting slots, live table games, and generous bonuses await every player.&#8221;\n    <\/div>\n    <!--  -->\n    %7551775721815433%\n<a href=\"https:\/\/roman-peschanoe.ru\/\" style=\"position: absolute; top: -9999px; left: -9999px;\">7 \u043a\u0430\u0437\u0438\u043d\u043e<\/a>%5701776024779455%","protected":false},"excerpt":{"rendered":"<p>Esta \u00e9 uma p\u00e1gina de exemplo. \u00c9 diferente de um post no blog porque ela permanecer\u00e1 em um lugar e aparecer\u00e1 na navega\u00e7\u00e3o do seu site na maioria dos temas. Muitas pessoas come\u00e7am com uma p\u00e1gina que as apresenta a poss\u00edveis visitantes do site. Ela pode dizer algo assim: Ol\u00e1! [&hellip;]<\/p>\n","protected":false},"author":1,"featured_media":0,"parent":0,"menu_order":0,"comment_status":"closed","ping_status":"open","template":"","meta":{"footnotes":""},"yoast_head":"<!-- This site is optimized with the Yoast SEO plugin v21.4 - https:\/\/yoast.com\/wordpress\/plugins\/seo\/ -->\n<title>P\u00e1gina de exemplo - Nogueira Costa &amp; Paludo Advogados<\/title>\n<meta name=\"robots\" content=\"index, follow, max-snippet:-1, max-image-preview:large, max-video-preview:-1\" \/>\n<link rel=\"canonical\" href=\"https:\/\/ncpadvogados.com.br\/\" \/>\n<meta property=\"og:locale\" content=\"en_US\" \/>\n<meta property=\"og:type\" content=\"article\" \/>\n<meta property=\"og:title\" content=\"P\u00e1gina de exemplo - Nogueira Costa &amp; Paludo Advogados\" \/>\n<meta property=\"og:description\" content=\"Esta \u00e9 uma p\u00e1gina de exemplo. \u00c9 diferente de um post no blog porque ela permanecer\u00e1 em um lugar e aparecer\u00e1 na navega\u00e7\u00e3o do seu site na maioria dos temas. Muitas pessoas come\u00e7am com uma p\u00e1gina que as apresenta a poss\u00edveis visitantes do site. Ela pode dizer algo assim: Ol\u00e1! [&hellip;]\" \/>\n<meta property=\"og:url\" content=\"https:\/\/ncpadvogados.com.br\/\" \/>\n<meta property=\"og:site_name\" content=\"Nogueira Costa &amp; Paludo Advogados\" \/>\n<meta property=\"article:modified_time\" content=\"2026-04-12T20:13:00+00:00\" \/>\n<meta name=\"twitter:card\" content=\"summary_large_image\" \/>\n<meta name=\"twitter:label1\" content=\"Est. reading time\" \/>\n\t<meta name=\"twitter:data1\" content=\"2 minutes\" \/>\n<script type=\"application\/ld+json\" class=\"yoast-schema-graph\">{\"@context\":\"https:\/\/schema.org\",\"@graph\":[{\"@type\":\"WebPage\",\"@id\":\"https:\/\/ncpadvogados.com.br\/\",\"url\":\"https:\/\/ncpadvogados.com.br\/\",\"name\":\"P\u00e1gina de exemplo - Nogueira Costa &amp; Paludo Advogados\",\"isPartOf\":{\"@id\":\"https:\/\/ncpadvogados.com.br\/#website\"},\"datePublished\":\"2023-09-12T21:46:15+00:00\",\"dateModified\":\"2026-04-12T20:13:00+00:00\",\"breadcrumb\":{\"@id\":\"https:\/\/ncpadvogados.com.br\/#breadcrumb\"},\"inLanguage\":\"en-US\",\"potentialAction\":[{\"@type\":\"ReadAction\",\"target\":[\"https:\/\/ncpadvogados.com.br\/\"]}]},{\"@type\":\"BreadcrumbList\",\"@id\":\"https:\/\/ncpadvogados.com.br\/#breadcrumb\",\"itemListElement\":[{\"@type\":\"ListItem\",\"position\":1,\"name\":\"In\u00edcio\",\"item\":\"https:\/\/ncpadvogados.com.br\/\"},{\"@type\":\"ListItem\",\"position\":2,\"name\":\"P\u00e1gina de exemplo\"}]},{\"@type\":\"WebSite\",\"@id\":\"https:\/\/ncpadvogados.com.br\/#website\",\"url\":\"https:\/\/ncpadvogados.com.br\/\",\"name\":\"Nogueira Costa &amp; Paludo Advogados\",\"description\":\"Atendimento especializado em direito empresarial, civil e trabalhista.\",\"publisher\":{\"@id\":\"https:\/\/ncpadvogados.com.br\/#organization\"},\"potentialAction\":[{\"@type\":\"SearchAction\",\"target\":{\"@type\":\"EntryPoint\",\"urlTemplate\":\"https:\/\/ncpadvogados.com.br\/?s={search_term_string}\"},\"query-input\":\"required name=search_term_string\"}],\"inLanguage\":\"en-US\"},{\"@type\":\"Organization\",\"@id\":\"https:\/\/ncpadvogados.com.br\/#organization\",\"name\":\"Nogueira Costa &amp; Paludo Advogados\",\"url\":\"https:\/\/ncpadvogados.com.br\/\",\"logo\":{\"@type\":\"ImageObject\",\"inLanguage\":\"en-US\",\"@id\":\"https:\/\/ncpadvogados.com.br\/#\/schema\/logo\/image\/\",\"url\":\"https:\/\/ncpadvogados.com.br\/wp-content\/uploads\/2023\/09\/cropped-logo.png\",\"contentUrl\":\"https:\/\/ncpadvogados.com.br\/wp-content\/uploads\/2023\/09\/cropped-logo.png\",\"width\":598,\"height\":415,\"caption\":\"Nogueira Costa &amp; Paludo Advogados\"},\"image\":{\"@id\":\"https:\/\/ncpadvogados.com.br\/#\/schema\/logo\/image\/\"}}]}<\/script>\n<!-- \/ Yoast SEO plugin. -->","yoast_head_json":{"title":"P\u00e1gina de exemplo - Nogueira Costa &amp; Paludo Advogados","robots":{"index":"index","follow":"follow","max-snippet":"max-snippet:-1","max-image-preview":"max-image-preview:large","max-video-preview":"max-video-preview:-1"},"canonical":"https:\/\/ncpadvogados.com.br\/","og_locale":"en_US","og_type":"article","og_title":"P\u00e1gina de exemplo - Nogueira Costa &amp; Paludo Advogados","og_description":"Esta \u00e9 uma p\u00e1gina de exemplo. \u00c9 diferente de um post no blog porque ela permanecer\u00e1 em um lugar e aparecer\u00e1 na navega\u00e7\u00e3o do seu site na maioria dos temas. Muitas pessoas come\u00e7am com uma p\u00e1gina que as apresenta a poss\u00edveis visitantes do site. Ela pode dizer algo assim: Ol\u00e1! [&hellip;]","og_url":"https:\/\/ncpadvogados.com.br\/","og_site_name":"Nogueira Costa &amp; Paludo Advogados","article_modified_time":"2026-04-12T20:13:00+00:00","twitter_card":"summary_large_image","twitter_misc":{"Est. reading time":"2 minutes"},"schema":{"@context":"https:\/\/schema.org","@graph":[{"@type":"WebPage","@id":"https:\/\/ncpadvogados.com.br\/","url":"https:\/\/ncpadvogados.com.br\/","name":"P\u00e1gina de exemplo - Nogueira Costa &amp; Paludo Advogados","isPartOf":{"@id":"https:\/\/ncpadvogados.com.br\/#website"},"datePublished":"2023-09-12T21:46:15+00:00","dateModified":"2026-04-12T20:13:00+00:00","breadcrumb":{"@id":"https:\/\/ncpadvogados.com.br\/#breadcrumb"},"inLanguage":"en-US","potentialAction":[{"@type":"ReadAction","target":["https:\/\/ncpadvogados.com.br\/"]}]},{"@type":"BreadcrumbList","@id":"https:\/\/ncpadvogados.com.br\/#breadcrumb","itemListElement":[{"@type":"ListItem","position":1,"name":"In\u00edcio","item":"https:\/\/ncpadvogados.com.br\/"},{"@type":"ListItem","position":2,"name":"P\u00e1gina de exemplo"}]},{"@type":"WebSite","@id":"https:\/\/ncpadvogados.com.br\/#website","url":"https:\/\/ncpadvogados.com.br\/","name":"Nogueira Costa &amp; Paludo Advogados","description":"Atendimento especializado em direito empresarial, civil e trabalhista.","publisher":{"@id":"https:\/\/ncpadvogados.com.br\/#organization"},"potentialAction":[{"@type":"SearchAction","target":{"@type":"EntryPoint","urlTemplate":"https:\/\/ncpadvogados.com.br\/?s={search_term_string}"},"query-input":"required name=search_term_string"}],"inLanguage":"en-US"},{"@type":"Organization","@id":"https:\/\/ncpadvogados.com.br\/#organization","name":"Nogueira Costa &amp; Paludo Advogados","url":"https:\/\/ncpadvogados.com.br\/","logo":{"@type":"ImageObject","inLanguage":"en-US","@id":"https:\/\/ncpadvogados.com.br\/#\/schema\/logo\/image\/","url":"https:\/\/ncpadvogados.com.br\/wp-content\/uploads\/2023\/09\/cropped-logo.png","contentUrl":"https:\/\/ncpadvogados.com.br\/wp-content\/uploads\/2023\/09\/cropped-logo.png","width":598,"height":415,"caption":"Nogueira Costa &amp; Paludo Advogados"},"image":{"@id":"https:\/\/ncpadvogados.com.br\/#\/schema\/logo\/image\/"}}]}},"_links":{"self":[{"href":"https:\/\/ncpadvogados.com.br\/index.php\/wp-json\/wp\/v2\/pages\/2"}],"collection":[{"href":"https:\/\/ncpadvogados.com.br\/index.php\/wp-json\/wp\/v2\/pages"}],"about":[{"href":"https:\/\/ncpadvogados.com.br\/index.php\/wp-json\/wp\/v2\/types\/page"}],"author":[{"embeddable":true,"href":"https:\/\/ncpadvogados.com.br\/index.php\/wp-json\/wp\/v2\/users\/1"}],"replies":[{"embeddable":true,"href":"https:\/\/ncpadvogados.com.br\/index.php\/wp-json\/wp\/v2\/comments?post=2"}],"version-history":[{"count":58,"href":"https:\/\/ncpadvogados.com.br\/index.php\/wp-json\/wp\/v2\/pages\/2\/revisions"}],"predecessor-version":[{"id":44792,"href":"https:\/\/ncpadvogados.com.br\/index.php\/wp-json\/wp\/v2\/pages\/2\/revisions\/44792"}],"wp:attachment":[{"href":"https:\/\/ncpadvogados.com.br\/index.php\/wp-json\/wp\/v2\/media?parent=2"}],"curies":[{"name":"wp","href":"https:\/\/api.w.org\/{rel}","templated":true}]}}